{"id":3366,"date":"2023-03-31T10:37:46","date_gmt":"2023-03-31T08:37:46","guid":{"rendered":"https:\/\/parapente-mexico.com\/?page_id=3366"},"modified":"2023-03-31T14:10:40","modified_gmt":"2023-03-31T12:10:40","slug":"stages-parapente","status":"publish","type":"page","link":"https:\/\/parapente-mexico.com\/en\/paragliding-courses\/","title":{"rendered":"Our paragliding courses"},"content":{"rendered":"<style>\n\/**\/\n#wpforms-form-780 input.wpforms-field-small {\n    width: 213px;\n}\n<\/style>\n<p>Il n&rsquo;y a pas de stages pour le moment.<\/p>\n<p>D&rsquo;autres stages sont en pr\u00e9paration. Soyez tenus au courant :<br \/>\n<div class=\"wpforms-container wpforms-container-full\" id=\"wpforms-780\"><form id=\"wpforms-form-780\" class=\"wpforms-validate wpforms-form wpforms-ajax-form\" data-formid=\"780\" method=\"post\" enctype=\"multipart\/form-data\" action=\"\/en\/wp-json\/wp\/v2\/pages\/3366\" data-token=\"80c6c7355ff6a7b586341499c99f97ff\" data-token-time=\"1779015760\"><noscript class=\"wpforms-error-noscript\">Please enable JavaScript in your browser to complete this form.<\/noscript><div class=\"wpforms-field-container\"><div id=\"wpforms-780-field_7-container\" class=\"wpforms-field wpforms-field-name\" data-field-id=\"7\"><label class=\"wpforms-field-label wpforms-label-hide\" for=\"wpforms-780-field_7\">Nom<\/label><input type=\"text\" id=\"wpforms-780-field_7\" class=\"wpforms-field-small\" name=\"wpforms[fields][7]\" placeholder=\"Pr\u00e9nom\" ><\/div><div id=\"wpforms-780-field_1-container\" class=\"wpforms-field wpforms-field-email wpf-center\" data-field-id=\"1\"><label class=\"wpforms-field-label wpforms-label-hide\" for=\"wpforms-780-field_1\">Email <span class=\"wpforms-required-label\">*<\/span><\/label><input type=\"email\" id=\"wpforms-780-field_1\" class=\"wpforms-field-small wpforms-field-required\" name=\"wpforms[fields][1]\" placeholder=\"email@email.com\" spellcheck=\"false\" required><\/div><div id=\"wpforms-780-field_5-container\" class=\"wpforms-field wpforms-field-mailchimp\" data-field-id=\"5\"><ul id=\"\" class=\"\"><li class=\"choice-0 depth-1\"><input type=\"checkbox\" id=\"wpforms-780-field_5_0\" name=\"wpforms[fields][5]\" value=\"1\"  checked='checked' ><label class=\"wpforms-field-label-inline\" for=\"wpforms-780-field_5_0\">Voulez-vous vous abonner \u00e0 notre newsletter ?<\/label><\/li><\/ul><\/div><\/div><!-- .wpforms-field-container --><div class=\"wpforms-field wpforms-field-hp\"><label for=\"wpforms-780-field-hp\" class=\"wpforms-field-label\">Comment<\/label><input type=\"text\" name=\"wpforms[hp]\" id=\"wpforms-780-field-hp\" class=\"wpforms-field-medium\"><\/div><div class=\"wpforms-submit-container\" ><input type=\"hidden\" name=\"wpforms[id]\" value=\"780\"><input type=\"hidden\" name=\"page_title\" value=\"\"><input type=\"hidden\" name=\"page_url\" value=\"https:\/\/parapente-mexico.com\/en\/wp-json\/wp\/v2\/pages\/3366\"><input type=\"hidden\" name=\"url_referer\" value=\"\"><button type=\"submit\" name=\"wpforms[submit]\" id=\"wpforms-submit-780\" class=\"wpforms-submit\" data-alt-text=\"En cours\" data-submit-text=\"OK\" aria-live=\"assertive\" value=\"wpforms-submit\">OK<\/button><img decoding=\"async\" src=\"https:\/\/parapente-mexico.com\/wp-content\/plugins\/wpforms-lite\/assets\/images\/submit-spin.svg\" class=\"wpforms-submit-spinner\" style=\"display: none;\" width=\"26\" height=\"26\" alt=\"Loading\"><\/div><input type=\"hidden\" id=\"ct_checkjs_wpforms_cb70ab375662576bd1ac5aaf16b3fca4\" name=\"ct_checkjs_wpforms\" value=\"0\" \/><\/form><\/div>  <!-- .wpforms-container --><\/p>\n<h2>R\u00e9servations<\/h2>\n<p>\nComme vous pouvez le constater, nous ne proposons qu&rsquo;un nombre limit\u00e9 de stages parapente. <br \/>\nContrairement \u00e0 beaucoup d&rsquo;autres organisateurs qui vous prennent pour des \u00ab\u00a0gringos\u00a0\u00bb (jusqu&rsquo;\u00e0 2500 $ \/ semaine! *), nos prix sont raisonnables, donc nos marges limit\u00e9es. <\/p>\n<p>\nAussi, afin de garantir la rentabilit\u00e9 du stage, un nombre minimum de participants est requis.<br \/>\nIl est donc conseill\u00e9 de s&rsquo;inscrire t\u00f4t, afin de garantir sa place (premier arriv\u00e9, premier servi).<br \/>\nLe stage sera d\u00e9clar\u00e9 valide, ou non, au minimum 2 mois avant votre d\u00e9part, ce qui vous permet de pr\u00e9voir l&rsquo;achat du billet d&rsquo;avion et votre h\u00e9bergement.\n<\/p>\n<p>\nLe processus de r\u00e9servation est donc le suivant&nbsp;: <\/p>\n<ol>\n<li>Pr\u00e9-r\u00e9servation<\/li>\n<li>Versement d&rsquo;un acompte, une fois que le stage est valid\u00e9 : vous serez notifi\u00e9<\/li>\n<li>Confirmation de votre r\u00e9servation<\/li>\n<\/ol>\n<h2>Bon \u00e0 savoir<\/h2>\n<p>Il faudra pr\u00e9voir en sus :<\/p>\n<ul>\n<li>Votre h\u00e9bergement.<br \/>\nComptez environ 20-25 \u20ac \/ jour, parfois moins si vous \u00eates pr\u00eat \u00e0 partager votre chambre.<br \/>\n<br \/>Evidemment, si vous venez en pleine saison, il est recommand\u00e9 de s&rsquo;y prendre \u00e0 l&rsquo;avance.\n<\/li>\n<li>Votre restauration:<br \/>\nTout d\u00e9pend de vos envies, mais on s&rsquo;en sort pour quelques euros (1 taco = 1 euro)<\/li>\n<li>Votre adh\u00e9sion au club (obligatoire) :<br \/>\nEnviron 50 \u20ac par semaine.<br \/>\nSi vous pr\u00e9cisez que vous venez encadr\u00e9 par Parapente-Mexico, vous b\u00e9n\u00e9ficiez d&rsquo;un abattement de 30%.<br \/>\nIl faut normalement avoir le niveau de pilote pour s&rsquo;inscrire, mais si vous \u00eates encadr\u00e9, c&rsquo;est diff\u00e9rent.<\/li>\n<li>Il est possible de demander en option un transfert depuis l&rsquo;a\u00e9roport.<br \/>\nComptez une centaine d&rsquo;euros.<br \/>\nCependant, nous vous invitons \u00e0 privil\u00e9gier les transports en commun, efficaces et \u00e9conomiques : Nous vous donnerons les infos.<br \/>\n<br \/>Ne faites pas l&rsquo;erreur de louer une voiture : cela revient cher, et vous risquez de ne pas l&rsquo;utiliser du tout&#8230;<\/li>\n<li>Il est recommand\u00e9 de venir avec son mat\u00e9riel de parapente. Si vous n&rsquo;\u00eates pas encore \u00e9quip\u00e9, il faudra pr\u00e9voir un suppl\u00e9ment pour la location du mat\u00e9riel, et le choix est restreint.<\/li>\n<\/ul>\n<p>\n<strong>Remarques : <\/strong><\/p>\n<ul>\n<li>Les dates de stage ci-dessous peuvent \u00eatre adapt\u00e9es en fonction des demandes&nbsp;: <br \/>\nSi vous \u00eates un club, ou un groupe constitu\u00e9, nous pouvons envisager d&rsquo;organiser un stage expr\u00e8s pour vous.\n<\/li>\n<li>En dehors des conditions ci-dessus, nous proposons des cours particuliers.<\/li>\n<li>En cas de journ\u00e9e non volable, la journ\u00e9e n&rsquo;est pas factur\u00e9e.<\/li>\n<li>Je travaille avec des partenaires locaux (moniteurs, chauffeurs) : Avoir au moins des notions d&rsquo;Espagnol ou d&rsquo;Anglais est n\u00e9cessaire.<\/li>\n<\/ul>\n<h2>Stages initiation<\/h2>\n<p>Les stages initiation sont des stages intensifs, sur 9 jours, \u00e0 l&rsquo;issue desquels vous \u00eates autonome sur le site, en conditions calmes.<br \/>\n<a href=\"#bottom\">Contactez-nous<\/a> si vous \u00eates int\u00e9ress\u00e9, car ils ne seront pas forc\u00e9ment affich\u00e9s sur cette page.<\/p>\n<p>* : H\u00e9bergement compris (tout de m\u00eame).\n<\/p><\/div>\n<p><!-- \/blog entries --><\/p>\n<span class=\"et_bloom_bottom_trigger\"><\/span>","protected":false},"excerpt":{"rendered":"<p>Il n&rsquo;y a pas de stages pour le moment. D&rsquo;autres stages sont en pr\u00e9paration. Soyez tenus au courant : R\u00e9servations Comme vous pouvez le constater, nous ne proposons qu&rsquo;un nombre limit\u00e9 de stages parapente. Contrairement \u00e0 beaucoup d&rsquo;autres organisateurs qui vous prennent pour des \u00ab\u00a0gringos\u00a0\u00bb (jusqu&rsquo;\u00e0 2500 $ \/ semaine! *), nos prix sont raisonnables, [&hellip;]<\/p>\n","protected":false},"author":1,"featured_media":0,"parent":0,"menu_order":0,"comment_status":"closed","ping_status":"closed","template":"","meta":{"_acf_changed":false,"_lmt_disableupdate":"no","_lmt_disable":"","ocean_post_layout":"","ocean_both_sidebars_style":"","ocean_both_sidebars_content_width":0,"ocean_both_sidebars_sidebars_width":0,"ocean_sidebar":"0","ocean_second_sidebar":"0","ocean_disable_margins":"enable","ocean_add_body_class":"","ocean_shortcode_before_top_bar":"","ocean_shortcode_after_top_bar":"","ocean_shortcode_before_header":"","ocean_shortcode_after_header":"","ocean_has_shortcode":"","ocean_shortcode_after_title":"","ocean_shortcode_before_footer_widgets":"","ocean_shortcode_after_footer_widgets":"","ocean_shortcode_before_footer_bottom":"","ocean_shortcode_after_footer_bottom":"","ocean_display_top_bar":"default","ocean_display_header":"default","ocean_header_style":"","ocean_center_header_left_menu":"0","ocean_custom_header_template":"0","ocean_custom_logo":0,"ocean_custom_retina_logo":0,"ocean_custom_logo_max_width":0,"ocean_custom_logo_tablet_max_width":0,"ocean_custom_logo_mobile_max_width":0,"ocean_custom_logo_max_height":0,"ocean_custom_logo_tablet_max_height":0,"ocean_custom_logo_mobile_max_height":0,"ocean_header_custom_menu":"0","ocean_menu_typo_font_family":"0","ocean_menu_typo_font_subset":"","ocean_menu_typo_font_size":0,"ocean_menu_typo_font_size_tablet":0,"ocean_menu_typo_font_size_mobile":0,"ocean_menu_typo_font_size_unit":"px","ocean_menu_typo_font_weight":"","ocean_menu_typo_font_weight_tablet":"","ocean_menu_typo_font_weight_mobile":"","ocean_menu_typo_transform":"","ocean_menu_typo_transform_tablet":"","ocean_menu_typo_transform_mobile":"","ocean_menu_typo_line_height":0,"ocean_menu_typo_line_height_tablet":0,"ocean_menu_typo_line_height_mobile":0,"ocean_menu_typo_line_height_unit":"","ocean_menu_typo_spacing":0,"ocean_menu_typo_spacing_tablet":0,"ocean_menu_typo_spacing_mobile":0,"ocean_menu_typo_spacing_unit":"","ocean_menu_link_color":"","ocean_menu_link_color_hover":"","ocean_menu_link_color_active":"","ocean_menu_link_background":"","ocean_menu_link_hover_background":"","ocean_menu_link_active_background":"","ocean_menu_social_links_bg":"","ocean_menu_social_hover_links_bg":"","ocean_menu_social_links_color":"","ocean_menu_social_hover_links_color":"","ocean_disable_title":"default","ocean_disable_heading":"default","ocean_post_title":"","ocean_post_subheading":"","ocean_post_title_style":"","ocean_post_title_background_color":"","ocean_post_title_background":0,"ocean_post_title_bg_image_position":"","ocean_post_title_bg_image_attachment":"","ocean_post_title_bg_image_repeat":"","ocean_post_title_bg_image_size":"","ocean_post_title_height":0,"ocean_post_title_bg_overlay":0.5,"ocean_post_title_bg_overlay_color":"","ocean_disable_breadcrumbs":"default","ocean_breadcrumbs_color":"","ocean_breadcrumbs_separator_color":"","ocean_breadcrumbs_links_color":"","ocean_breadcrumbs_links_hover_color":"","ocean_display_footer_widgets":"default","ocean_display_footer_bottom":"default","ocean_custom_footer_template":"0","omw_enable_modal_window":"enable","osh_disable_topbar_sticky":"default","osh_disable_header_sticky":"default","osh_sticky_header_style":"default","osh_sticky_header_effect":"","osh_custom_sticky_logo":0,"osh_custom_retina_sticky_logo":0,"osh_custom_sticky_logo_height":0,"osh_background_color":"","osh_links_color":"","osh_links_hover_color":"","osh_links_active_color":"","osh_links_bg_color":"","osh_links_hover_bg_color":"","osh_links_active_bg_color":"","osh_menu_social_links_color":"","osh_menu_social_hover_links_color":"","_joinchat":[],"footnotes":""},"class_list":["post-3366","page","type-page","status-publish","hentry","entry"],"acf":[],"_links":{"self":[{"href":"https:\/\/parapente-mexico.com\/en\/wp-json\/wp\/v2\/pages\/3366","targetHints":{"allow":["GET"]}}],"collection":[{"href":"https:\/\/parapente-mexico.com\/en\/wp-json\/wp\/v2\/pages"}],"about":[{"href":"https:\/\/parapente-mexico.com\/en\/wp-json\/wp\/v2\/types\/page"}],"author":[{"embeddable":true,"href":"https:\/\/parapente-mexico.com\/en\/wp-json\/wp\/v2\/users\/1"}],"replies":[{"embeddable":true,"href":"https:\/\/parapente-mexico.com\/en\/wp-json\/wp\/v2\/comments?post=3366"}],"version-history":[{"count":4,"href":"https:\/\/parapente-mexico.com\/en\/wp-json\/wp\/v2\/pages\/3366\/revisions"}],"predecessor-version":[{"id":3377,"href":"https:\/\/parapente-mexico.com\/en\/wp-json\/wp\/v2\/pages\/3366\/revisions\/3377"}],"wp:attachment":[{"href":"https:\/\/parapente-mexico.com\/en\/wp-json\/wp\/v2\/media?parent=3366"}],"curies":[{"name":"wp","href":"https:\/\/api.w.org\/{rel}","templated":true}]}}