{"id":1415,"date":"2020-11-16T13:34:49","date_gmt":"2020-11-16T11:34:49","guid":{"rendered":"https:\/\/parapente-mexico.com\/?page_id=1415"},"modified":"2021-11-08T19:05:01","modified_gmt":"2021-11-08T17:05:01","slug":"biplace-faq","status":"publish","type":"page","link":"https:\/\/parapente-mexico.com\/en\/tandem-paraglider\/paragliding-tandem-faq\/","title":{"rendered":"Frequently Asked Questions (FAQ)"},"content":{"rendered":"<h2>Your most frequently asked questions (FAQ)<\/h2>\n<p>We have put together a paragliding FAQ for you.<\/p>\n<div align=\"center\"><a href=\"https:\/\/parapente-mexico.com\/wp-content\/uploads\/2020\/11\/paragliding-tandem-flight.jpg\"><img fetchpriority=\"high\" decoding=\"async\" class=\"alignnone wp-image-1448 size-thumbnail\" src=\"https:\/\/parapente-mexico.com\/wp-content\/uploads\/2020\/11\/paragliding-tandem-flight.webp\" alt=\"Paragliding tandem faq\" width=\"632\" height=\"434\" \/><\/a><\/div>\n<p><a name=\"faq\"><\/a><br \/>\nOften, when making an appointment, or when it comes time to fly, you ask us a lot of questions. Here are the ones we are asked the most frequently, and their answers:<\/p>\n<div id=\"accordion\">\n<h3>Paragliding vertigo<\/h3>\n<div>\n<p>Contrary to popular belief, you cannot be dizzy while paragliding, because you are no longer in contact with the ground. I&#039;m taking the bet with you that you won&#039;t get it! In short, do not hesitate any longer.<\/p>\n<\/div>\n<h3>How is the flight going?<\/h3>\n<div>\n<p>Once you have booked, we will contact you to confirm the appointment.<br \/>\nYou are briefed for take-off, equipped (well hooked up!), And the rest is pure happiness.<br \/>\nOf course, we are at your disposal to reassure you, and explain how it works.<\/p>\n<\/div>\n<h3>How should we dress?<\/h3>\n<div>\n<p>In paragliding, you are stationary, with a constant headwind (the relative wind, created by the movement of the paraglider). A bit like on a motorcycle, you have to come with a windbreaker, good shoes (not sandals), and sunglasses for style.<\/p>\n<\/div>\n<h3>How old is a tandem paraglider?<\/h3>\n<div>\n<p>We are often asked this question for children. In fact, what is important is that he \/ she requests it.<\/p>\n<\/div>\n<h3>What weight for a tandem paraglider?<\/h3>\n<div>\n<ul>\n<li>For light weights (children for example), it is important to come in the morning, before the conditions are too strong.<\/li>\n<li>If, on the contrary, it is a heavy passenger, it will be necessary to avoid the morning slot.<\/li>\n<\/ul>\n<p>In case of doubt do not hesitate to contact us, via the reservation form (comments), or via the <a href=\"#bottom\">Contact form<\/a><\/p>\n<\/div>\n<h3>I would like to fly at the same time as a friend. It&#039;s possible ?<\/h3>\n<div>\n<p>It&#039;s entirely possible. Specify it in the comments of the reservation form. We will call on one of our <a href=\"\/en\/partners\/\">partners<\/a>, if needed.<\/p>\n<\/div>\n<h3>Have you been flying for a long time?<\/h3>\n<div>The answer can be found on the page &quot;\u00a0<a href=\"https:\/\/parapente-mexico.com\/en\/about\/\">About<\/a>&quot;.<\/div>\n<h3>Do you offer two-seater in delta?<\/h3>\n<div>The delta is good too! We can organize this for you.<\/div>\n<\/div>\n<p>&nbsp;<\/p>\n<p>Hoping that this paragliding FAQ will have answered your questions before a future <a href=\"\/en\/tandem-paraglider\/\">tandem paraglider<\/a> !<\/p>\n<div align=\"center\"><a class=\"redbutton\" href=\"\/biplace-parapente\/reservation-biplace\/\" data-wpel-link=\"internal\">Book your flight<\/a><\/div>\n<span class=\"et_bloom_bottom_trigger\"><\/span>","protected":false},"excerpt":{"rendered":"<p>Vos questions les plus fr\u00e9quentes (FAQ) Nous vous avons concoct\u00e9 une FAQ parapente. Souvent, lors de la prise de rendez-vous, ou quand vient le moment de voler, vous nous posez beaucoup de questions. Voici donc celles que l&rsquo;on nous pose le plus fr\u00e9quemment, et leurs r\u00e9ponses : Le vertige en parapente Contrairement \u00e0 une id\u00e9e [&hellip;]<\/p>\n","protected":false},"author":1,"featured_media":0,"parent":1363,"menu_order":0,"comment_status":"closed","ping_status":"closed","template":"","meta":{"_acf_changed":false,"_lmt_disableupdate":"no","_lmt_disable":"","ocean_post_layout":"","ocean_both_sidebars_style":"","ocean_both_sidebars_content_width":0,"ocean_both_sidebars_sidebars_width":0,"ocean_sidebar":"0","ocean_second_sidebar":"0","ocean_disable_margins":"enable","ocean_add_body_class":"","ocean_shortcode_before_top_bar":"","ocean_shortcode_after_top_bar":"","ocean_shortcode_before_header":"","ocean_shortcode_after_header":"","ocean_has_shortcode":"","ocean_shortcode_after_title":"","ocean_shortcode_before_footer_widgets":"","ocean_shortcode_after_footer_widgets":"","ocean_shortcode_before_footer_bottom":"","ocean_shortcode_after_footer_bottom":"","ocean_display_top_bar":"default","ocean_display_header":"default","ocean_header_style":"","ocean_center_header_left_menu":"0","ocean_custom_header_template":"0","ocean_custom_logo":0,"ocean_custom_retina_logo":0,"ocean_custom_logo_max_width":0,"ocean_custom_logo_tablet_max_width":0,"ocean_custom_logo_mobile_max_width":0,"ocean_custom_logo_max_height":0,"ocean_custom_logo_tablet_max_height":0,"ocean_custom_logo_mobile_max_height":0,"ocean_header_custom_menu":"0","ocean_menu_typo_font_family":"0","ocean_menu_typo_font_subset":"","ocean_menu_typo_font_size":0,"ocean_menu_typo_font_size_tablet":0,"ocean_menu_typo_font_size_mobile":0,"ocean_menu_typo_font_size_unit":"px","ocean_menu_typo_font_weight":"","ocean_menu_typo_font_weight_tablet":"","ocean_menu_typo_font_weight_mobile":"","ocean_menu_typo_transform":"","ocean_menu_typo_transform_tablet":"","ocean_menu_typo_transform_mobile":"","ocean_menu_typo_line_height":0,"ocean_menu_typo_line_height_tablet":0,"ocean_menu_typo_line_height_mobile":0,"ocean_menu_typo_line_height_unit":"","ocean_menu_typo_spacing":0,"ocean_menu_typo_spacing_tablet":0,"ocean_menu_typo_spacing_mobile":0,"ocean_menu_typo_spacing_unit":"","ocean_menu_link_color":"","ocean_menu_link_color_hover":"","ocean_menu_link_color_active":"","ocean_menu_link_background":"","ocean_menu_link_hover_background":"","ocean_menu_link_active_background":"","ocean_menu_social_links_bg":"","ocean_menu_social_hover_links_bg":"","ocean_menu_social_links_color":"","ocean_menu_social_hover_links_color":"","ocean_disable_title":"default","ocean_disable_heading":"default","ocean_post_title":"","ocean_post_subheading":"","ocean_post_title_style":"","ocean_post_title_background_color":"","ocean_post_title_background":0,"ocean_post_title_bg_image_position":"","ocean_post_title_bg_image_attachment":"","ocean_post_title_bg_image_repeat":"","ocean_post_title_bg_image_size":"","ocean_post_title_height":0,"ocean_post_title_bg_overlay":0.5,"ocean_post_title_bg_overlay_color":"","ocean_disable_breadcrumbs":"default","ocean_breadcrumbs_color":"","ocean_breadcrumbs_separator_color":"","ocean_breadcrumbs_links_color":"","ocean_breadcrumbs_links_hover_color":"","ocean_display_footer_widgets":"default","ocean_display_footer_bottom":"default","ocean_custom_footer_template":"0","omw_enable_modal_window":"enable","osh_disable_topbar_sticky":"default","osh_disable_header_sticky":"default","osh_sticky_header_style":"default","osh_sticky_header_effect":"","osh_custom_sticky_logo":0,"osh_custom_retina_sticky_logo":0,"osh_custom_sticky_logo_height":0,"osh_background_color":"","osh_links_color":"","osh_links_hover_color":"","osh_links_active_color":"","osh_links_bg_color":"","osh_links_hover_bg_color":"","osh_links_active_bg_color":"","osh_menu_social_links_color":"","osh_menu_social_hover_links_color":"","_joinchat":[],"footnotes":""},"class_list":["post-1415","page","type-page","status-publish","hentry","entry"],"acf":[],"_links":{"self":[{"href":"https:\/\/parapente-mexico.com\/en\/wp-json\/wp\/v2\/pages\/1415","targetHints":{"allow":["GET"]}}],"collection":[{"href":"https:\/\/parapente-mexico.com\/en\/wp-json\/wp\/v2\/pages"}],"about":[{"href":"https:\/\/parapente-mexico.com\/en\/wp-json\/wp\/v2\/types\/page"}],"author":[{"embeddable":true,"href":"https:\/\/parapente-mexico.com\/en\/wp-json\/wp\/v2\/users\/1"}],"replies":[{"embeddable":true,"href":"https:\/\/parapente-mexico.com\/en\/wp-json\/wp\/v2\/comments?post=1415"}],"version-history":[{"count":0,"href":"https:\/\/parapente-mexico.com\/en\/wp-json\/wp\/v2\/pages\/1415\/revisions"}],"up":[{"embeddable":true,"href":"https:\/\/parapente-mexico.com\/en\/wp-json\/wp\/v2\/pages\/1363"}],"wp:attachment":[{"href":"https:\/\/parapente-mexico.com\/en\/wp-json\/wp\/v2\/media?parent=1415"}],"curies":[{"name":"wp","href":"https:\/\/api.w.org\/{rel}","templated":true}]}}