{"id":1363,"date":"2020-11-14T12:11:47","date_gmt":"2020-11-14T10:11:47","guid":{"rendered":"https:\/\/parapente-mexico.com\/?page_id=1363"},"modified":"2020-11-22T15:05:19","modified_gmt":"2020-11-22T13:05:19","slug":"biplace-parapente","status":"publish","type":"page","link":"https:\/\/parapente-mexico.com\/en\/tandem-paraglider\/","title":{"rendered":"Paragliding tandem"},"content":{"rendered":"<p style=\"margin-bottom: 125px;\"><a href=\"https:\/\/parapente-mexico.com\/wp-content\/uploads\/2020\/11\/vo_biplace-01.jpeg\"><img fetchpriority=\"high\" decoding=\"async\" class=\"size-thumbnail size-medium wp-image-1403 alignleft\" src=\"https:\/\/parapente-mexico.com\/wp-content\/uploads\/2020\/11\/vo_biplace-01-300x273.webp\" alt=\"Paragliding tandem flight\" width=\"300\" height=\"273\" data-wp-editing=\"1\" \/><\/a>Flying is man&#039;s oldest dream. the <strong>tandems<\/strong> paragliding (or tandem) allows you to approach the activity in safety.<br \/>\nTo you serenity and freedom! During a baptism you take full view.<br \/>\nIt is also another way to discover <a href=\"https:\/\/parapente-mexico.com\/en\/mexico-travel-paragliding\/valle-de-bravo\/\">Valle de Bravo<\/a>, the Mecca of paragliding at <a href=\"https:\/\/parapente-mexico.com\/en\/mexico-travel-paragliding\/\">Mexico<\/a>.<\/p>\n<p class=\"responsive-video-wrap clr\"><iframe title=\"El Pe\u00f1\u00f3n - Feliz a\u00f1o nuevo 2020\" width=\"1200\" height=\"675\" src=\"https:\/\/www.youtube.com\/embed\/zAynrpwQP6U?feature=oembed\" frameborder=\"0\" allow=\"accelerometer; autoplay; clipboard-write; encrypted-media; gyroscope; picture-in-picture\" allowfullscreen><\/iframe><\/p>\n<h2>Choose your paragliding flight<\/h2>\n<p>We offer several formulas, according to your desires.<\/p>\n<h3>Discovery<\/h3>\n<p>Discover the paragliding flight in calm conditions. Ideal for a first time.<\/p>\n<p><strong>Remarks\u00a0<\/strong> : This flight is the only type of flight possible for children and lightweights.<br \/>\nSee <a href=\"https:\/\/parapente-mexico.com\/en\/tandem-paraglider\/paragliding-tandem-faq\/\">Faq<\/a>.<br \/>\n<strong>Duration<\/strong> : 10 - 15 minutes.<br \/>\n<strong>Price<\/strong> : \u20ac<\/p>\n<h3>Ascent<\/h3>\n<p>The conditions are more established, it is now possible for us to stay in the air, even to climb in the sky (and not just to descend).<br \/>\n<strong>Duration<\/strong> : 20-25 minutes.<br \/>\n<strong>Price<\/strong> : \u20ac\u20ac<\/p>\n<h3>Prestige<\/h3>\n<p>For the experts. The ascents allow us not only to ascend, but also to move around. Depending on the conditions of the day and your desires, we will offer you an adapted ride.<br \/>\n<strong>Duration<\/strong> : About 45 minutes.<br \/>\n<strong>Price<\/strong> : \u20ac\u20ac\u20ac<\/p>\n<div align=\"center\"><a class=\"redbutton\" href=\"\/en\/tandem-paraglider\/paragliding-tandem-booking\/\">Book your flight<\/a><\/div>\n<span class=\"et_bloom_bottom_trigger\"><\/span>","protected":false},"excerpt":{"rendered":"<p>Voler est le plus vieux r\u00eave de l&rsquo;homme. Le biplace parapente (ou tandem) permet d&rsquo;aborder l&rsquo;activit\u00e9 en s\u00e9curit\u00e9. A vous la s\u00e9r\u00e9nit\u00e9 et la libert\u00e9 ! Lors d&rsquo;un bapt\u00eame vous en prenez plein la vue. C&rsquo;est aussi une autre fa\u00e7on de d\u00e9couvrir Valle de Bravo, la Mecque du parapente au Mexique. Choisissez votre vol en [&hellip;]<\/p>\n","protected":false},"author":1,"featured_media":0,"parent":0,"menu_order":0,"comment_status":"closed","ping_status":"closed","template":"","meta":{"_acf_changed":false,"_lmt_disableupdate":"","_lmt_disable":"","ocean_post_layout":"","ocean_both_sidebars_style":"","ocean_both_sidebars_content_width":0,"ocean_both_sidebars_sidebars_width":0,"ocean_sidebar":"0","ocean_second_sidebar":"0","ocean_disable_margins":"enable","ocean_add_body_class":"","ocean_shortcode_before_top_bar":"","ocean_shortcode_after_top_bar":"","ocean_shortcode_before_header":"","ocean_shortcode_after_header":"","ocean_has_shortcode":"","ocean_shortcode_after_title":"","ocean_shortcode_before_footer_widgets":"","ocean_shortcode_after_footer_widgets":"","ocean_shortcode_before_footer_bottom":"","ocean_shortcode_after_footer_bottom":"","ocean_display_top_bar":"default","ocean_display_header":"default","ocean_header_style":"","ocean_center_header_left_menu":"0","ocean_custom_header_template":"0","ocean_custom_logo":0,"ocean_custom_retina_logo":0,"ocean_custom_logo_max_width":0,"ocean_custom_logo_tablet_max_width":0,"ocean_custom_logo_mobile_max_width":0,"ocean_custom_logo_max_height":0,"ocean_custom_logo_tablet_max_height":0,"ocean_custom_logo_mobile_max_height":0,"ocean_header_custom_menu":"0","ocean_menu_typo_font_family":"0","ocean_menu_typo_font_subset":"","ocean_menu_typo_font_size":0,"ocean_menu_typo_font_size_tablet":0,"ocean_menu_typo_font_size_mobile":0,"ocean_menu_typo_font_size_unit":"px","ocean_menu_typo_font_weight":"","ocean_menu_typo_font_weight_tablet":"","ocean_menu_typo_font_weight_mobile":"","ocean_menu_typo_transform":"","ocean_menu_typo_transform_tablet":"","ocean_menu_typo_transform_mobile":"","ocean_menu_typo_line_height":0,"ocean_menu_typo_line_height_tablet":0,"ocean_menu_typo_line_height_mobile":0,"ocean_menu_typo_line_height_unit":"","ocean_menu_typo_spacing":0,"ocean_menu_typo_spacing_tablet":0,"ocean_menu_typo_spacing_mobile":0,"ocean_menu_typo_spacing_unit":"","ocean_menu_link_color":"","ocean_menu_link_color_hover":"","ocean_menu_link_color_active":"","ocean_menu_link_background":"","ocean_menu_link_hover_background":"","ocean_menu_link_active_background":"","ocean_menu_social_links_bg":"","ocean_menu_social_hover_links_bg":"","ocean_menu_social_links_color":"","ocean_menu_social_hover_links_color":"","ocean_disable_title":"default","ocean_disable_heading":"default","ocean_post_title":"","ocean_post_subheading":"","ocean_post_title_style":"","ocean_post_title_background_color":"","ocean_post_title_background":0,"ocean_post_title_bg_image_position":"","ocean_post_title_bg_image_attachment":"","ocean_post_title_bg_image_repeat":"","ocean_post_title_bg_image_size":"","ocean_post_title_height":0,"ocean_post_title_bg_overlay":0.5,"ocean_post_title_bg_overlay_color":"","ocean_disable_breadcrumbs":"default","ocean_breadcrumbs_color":"","ocean_breadcrumbs_separator_color":"","ocean_breadcrumbs_links_color":"","ocean_breadcrumbs_links_hover_color":"","ocean_display_footer_widgets":"default","ocean_display_footer_bottom":"default","ocean_custom_footer_template":"0","omw_enable_modal_window":"enable","osh_disable_topbar_sticky":"default","osh_disable_header_sticky":"default","osh_sticky_header_style":"default","osh_sticky_header_effect":"","osh_custom_sticky_logo":0,"osh_custom_retina_sticky_logo":0,"osh_custom_sticky_logo_height":0,"osh_background_color":"","osh_links_color":"","osh_links_hover_color":"","osh_links_active_color":"","osh_links_bg_color":"","osh_links_hover_bg_color":"","osh_links_active_bg_color":"","osh_menu_social_links_color":"","osh_menu_social_hover_links_color":"","_joinchat":[],"footnotes":""},"class_list":["post-1363","page","type-page","status-publish","hentry","entry"],"acf":[],"_links":{"self":[{"href":"https:\/\/parapente-mexico.com\/en\/wp-json\/wp\/v2\/pages\/1363","targetHints":{"allow":["GET"]}}],"collection":[{"href":"https:\/\/parapente-mexico.com\/en\/wp-json\/wp\/v2\/pages"}],"about":[{"href":"https:\/\/parapente-mexico.com\/en\/wp-json\/wp\/v2\/types\/page"}],"author":[{"embeddable":true,"href":"https:\/\/parapente-mexico.com\/en\/wp-json\/wp\/v2\/users\/1"}],"replies":[{"embeddable":true,"href":"https:\/\/parapente-mexico.com\/en\/wp-json\/wp\/v2\/comments?post=1363"}],"version-history":[{"count":0,"href":"https:\/\/parapente-mexico.com\/en\/wp-json\/wp\/v2\/pages\/1363\/revisions"}],"wp:attachment":[{"href":"https:\/\/parapente-mexico.com\/en\/wp-json\/wp\/v2\/media?parent=1363"}],"curies":[{"name":"wp","href":"https:\/\/api.w.org\/{rel}","templated":true}]}}