{"id":1023,"date":"2020-04-05T20:30:58","date_gmt":"2020-04-05T19:30:58","guid":{"rendered":"https:\/\/parapente-mexico.com\/?page_id=1023"},"modified":"2021-10-06T17:16:12","modified_gmt":"2021-10-06T15:16:12","slug":"mexique-voyage-parapente","status":"publish","type":"page","link":"https:\/\/parapente-mexico.com\/en\/mexico-travel-paragliding\/","title":{"rendered":"Mexico: your next travel destination."},"content":{"rendered":"<p>A rich history, long-lived traditions, gastronomy: Mexico has become one of the favorite destinations for tourists.<\/p>\n<p class=\"translation-block\">There's no shortage of tourist guides (books).<\/p>\n<p>However, here is some practical information:<\/p>\n<h2>Formalities<\/h2>\n<p>You are welcome to Mexico. Don&#039;t forget to bring your passport. That is just about everything !<br \/>\nYour passport just needs to be valid for the duration of your trip.<\/p>\n<h2>Advice for travelers<\/h2>\n<p>Most of the time, tap water is not drinkable.<br \/>\nSome states are more recommendable than others. But if you come to <a href=\"\/en\/mexico-travel-paragliding\/valle-de-bravo\/\">Valle de Bravo<\/a>, you don&#039;t have much to worry about.<\/p>\n<p class=\"translation-block\">For <strong>cabs<\/strong>, you should always ask for the fare before getting in. Very few of them have a taximeter, or will plan to use it. It is always difficult to dispute the price upon arrival. It is often advised to use <strong>Uber<\/strong>, we can deplore it, but at least you are not at the mercy of some indelicate, since located by the application...<\/p>\n<p class=\"translation-block\"><strong>Mexico<\/strong> is a large country, air transport remains expensive but is often required, due to the distances.<\/p>\n<p>For domestic flights, there are three \u201clow-cost\u201d companies. Be aware that the price can double, or even more from one day to the next, depending on the occupancy rate. Expect to pay more if you travel with your <strong>paraglider<\/strong>.<\/p>\n<ul>\n<li><a href=\"http:\/\/www.interjet.com.mx\" target=\"_blank\" rel=\"noopener\">Interjet<\/a><\/li>\n<li><a href=\"http:\/\/www.vivaaerobus.com\" target=\"_blank\" rel=\"noopener\">VivaAerobus<\/a><\/li>\n<li><a href=\"http:\/\/www.volaris.com.mx\" target=\"_blank\" rel=\"noopener\">Volaris<\/a><\/li>\n<\/ul>\n<p class=\"translation-block\">Car rental rates are relatively high and the choice of vehicles is limited. All the major rental companies can be found in Mexico.\n \nRequirements: You must be 21 years old, have an international or national driver's license and a credit card. You must have a Mexican car insurance policy, as your own policy is not valid in Mexico. Beware, deductibles are very high (they can reach 5% of the replacement cost of the vehicles!).<\/p>\n<p>You will surely hear this saying:<\/p>\n<blockquote><p>The biggest risk in Mexico is wanting to stay.<\/p><\/blockquote>\n<p class=\"translation-block\">On a more serious note, if you're wondering, this article should put your mind at rest: <a href=\"https:\/\/www.bestjobersblog.com\/faut-il-avoir-peur-d-aller-au-mexique\/\" target=\"_self\" rel=\"noopener noreferrer external\" data-wpel-link=\"external\">Should you be afraid of going to Mexico<\/a>.<\/p>\n<p style=\"text-align: center;\">***<\/p>\n<span class=\"et_bloom_bottom_trigger\"><\/span>","protected":false},"excerpt":{"rendered":"<p>Une histoire riche, des traditions vivaces, une gastronomie\u00a0 : le Mexique est devenu une des destinations pr\u00e9f\u00e9r\u00e9es des Fran\u00e7ais. Les guides touristiques ne manquent pas (Lonely Planet ou Guide du routard). Voici n\u00e9anmoins quelques informations pratiques : Formalit\u00e9s Vous \u00eates les bienvenus au Mexique. N&rsquo;oubliez pas d&#8217;emporter votre passeport. C&rsquo;est \u00e0 peu pr\u00e8s tout ! [&hellip;]<\/p>\n","protected":false},"author":1,"featured_media":0,"parent":0,"menu_order":0,"comment_status":"closed","ping_status":"closed","template":"","meta":{"_acf_changed":false,"_lmt_disableupdate":"no","_lmt_disable":"","ocean_post_layout":"","ocean_both_sidebars_style":"","ocean_both_sidebars_content_width":0,"ocean_both_sidebars_sidebars_width":0,"ocean_sidebar":"0","ocean_second_sidebar":"0","ocean_disable_margins":"enable","ocean_add_body_class":"","ocean_shortcode_before_top_bar":"","ocean_shortcode_after_top_bar":"","ocean_shortcode_before_header":"","ocean_shortcode_after_header":"","ocean_has_shortcode":"","ocean_shortcode_after_title":"","ocean_shortcode_before_footer_widgets":"","ocean_shortcode_after_footer_widgets":"","ocean_shortcode_before_footer_bottom":"","ocean_shortcode_after_footer_bottom":"","ocean_display_top_bar":"default","ocean_display_header":"default","ocean_header_style":"","ocean_center_header_left_menu":"0","ocean_custom_header_template":"0","ocean_custom_logo":0,"ocean_custom_retina_logo":0,"ocean_custom_logo_max_width":0,"ocean_custom_logo_tablet_max_width":0,"ocean_custom_logo_mobile_max_width":0,"ocean_custom_logo_max_height":0,"ocean_custom_logo_tablet_max_height":0,"ocean_custom_logo_mobile_max_height":0,"ocean_header_custom_menu":"0","ocean_menu_typo_font_family":"0","ocean_menu_typo_font_subset":"","ocean_menu_typo_font_size":0,"ocean_menu_typo_font_size_tablet":0,"ocean_menu_typo_font_size_mobile":0,"ocean_menu_typo_font_size_unit":"px","ocean_menu_typo_font_weight":"","ocean_menu_typo_font_weight_tablet":"","ocean_menu_typo_font_weight_mobile":"","ocean_menu_typo_transform":"","ocean_menu_typo_transform_tablet":"","ocean_menu_typo_transform_mobile":"","ocean_menu_typo_line_height":0,"ocean_menu_typo_line_height_tablet":0,"ocean_menu_typo_line_height_mobile":0,"ocean_menu_typo_line_height_unit":"","ocean_menu_typo_spacing":0,"ocean_menu_typo_spacing_tablet":0,"ocean_menu_typo_spacing_mobile":0,"ocean_menu_typo_spacing_unit":"","ocean_menu_link_color":"","ocean_menu_link_color_hover":"","ocean_menu_link_color_active":"","ocean_menu_link_background":"","ocean_menu_link_hover_background":"","ocean_menu_link_active_background":"","ocean_menu_social_links_bg":"","ocean_menu_social_hover_links_bg":"","ocean_menu_social_links_color":"","ocean_menu_social_hover_links_color":"","ocean_disable_title":"default","ocean_disable_heading":"default","ocean_post_title":"","ocean_post_subheading":"","ocean_post_title_style":"","ocean_post_title_background_color":"","ocean_post_title_background":0,"ocean_post_title_bg_image_position":"","ocean_post_title_bg_image_attachment":"","ocean_post_title_bg_image_repeat":"","ocean_post_title_bg_image_size":"","ocean_post_title_height":0,"ocean_post_title_bg_overlay":0.5,"ocean_post_title_bg_overlay_color":"","ocean_disable_breadcrumbs":"default","ocean_breadcrumbs_color":"","ocean_breadcrumbs_separator_color":"","ocean_breadcrumbs_links_color":"","ocean_breadcrumbs_links_hover_color":"","ocean_display_footer_widgets":"default","ocean_display_footer_bottom":"default","ocean_custom_footer_template":"0","omw_enable_modal_window":"enable","osh_disable_topbar_sticky":"default","osh_disable_header_sticky":"default","osh_sticky_header_style":"default","osh_sticky_header_effect":"","osh_custom_sticky_logo":0,"osh_custom_retina_sticky_logo":0,"osh_custom_sticky_logo_height":0,"osh_background_color":"","osh_links_color":"","osh_links_hover_color":"","osh_links_active_color":"","osh_links_bg_color":"","osh_links_hover_bg_color":"","osh_links_active_bg_color":"","osh_menu_social_links_color":"","osh_menu_social_hover_links_color":"","_joinchat":[],"footnotes":""},"class_list":["post-1023","page","type-page","status-publish","hentry","entry"],"acf":[],"_links":{"self":[{"href":"https:\/\/parapente-mexico.com\/en\/wp-json\/wp\/v2\/pages\/1023","targetHints":{"allow":["GET"]}}],"collection":[{"href":"https:\/\/parapente-mexico.com\/en\/wp-json\/wp\/v2\/pages"}],"about":[{"href":"https:\/\/parapente-mexico.com\/en\/wp-json\/wp\/v2\/types\/page"}],"author":[{"embeddable":true,"href":"https:\/\/parapente-mexico.com\/en\/wp-json\/wp\/v2\/users\/1"}],"replies":[{"embeddable":true,"href":"https:\/\/parapente-mexico.com\/en\/wp-json\/wp\/v2\/comments?post=1023"}],"version-history":[{"count":0,"href":"https:\/\/parapente-mexico.com\/en\/wp-json\/wp\/v2\/pages\/1023\/revisions"}],"wp:attachment":[{"href":"https:\/\/parapente-mexico.com\/en\/wp-json\/wp\/v2\/media?parent=1023"}],"curies":[{"name":"wp","href":"https:\/\/api.w.org\/{rel}","templated":true}]}}